{"id":1875,"date":"2026-01-08T22:09:56","date_gmt":"2026-01-08T22:09:56","guid":{"rendered":"https:\/\/www.cocoon-ergosolutions.com\/?page_id=1875"},"modified":"2026-01-08T22:13:40","modified_gmt":"2026-01-08T22:13:40","slug":"merci-votre-demande-de-devis-a-bien-ete-envoyee","status":"publish","type":"page","link":"https:\/\/www.cocoon-ergosolutions.com\/se\/merci-votre-demande-de-devis-a-bien-ete-envoyee\/","title":{"rendered":"Merci, votre demande de devis a bien \u00e9t\u00e9 envoy\u00e9e."},"content":{"rendered":"<div data-elementor-type=\"wp-page\" data-elementor-id=\"1875\" class=\"elementor elementor-1875\" data-elementor-post-type=\"page\">\n\t\t\t\t<div class=\"elementor-element elementor-element-ee267f7 e-flex e-con-boxed e-con e-parent\" data-id=\"ee267f7\" data-element_type=\"container\">\n\t\t\t\t\t<div class=\"e-con-inner\">\n\t\t\t\t<div class=\"elementor-element elementor-element-6b2966b exad-sticky-section-no exad-glass-effect-no elementor-widget elementor-widget-image\" data-id=\"6b2966b\" data-element_type=\"widget\" data-widget_type=\"image.default\">\n\t\t\t\t<div class=\"elementor-widget-container\">\n\t\t\t\t\t\t\t\t\t\t\t\t\t\t\t\t<a href=\"https:\/\/www.cocoon-ergosolutions.com\/se\">\n\t\t\t\t\t\t\t<img fetchpriority=\"high\" decoding=\"async\" width=\"800\" height=\"215\" src=\"https:\/\/www.cocoon-ergosolutions.com\/wp-content\/uploads\/2025\/03\/Logo-Ergosolutions-Bleu-1024x275.png\" class=\"attachment-large size-large wp-image-132\" alt=\"\" srcset=\"https:\/\/www.cocoon-ergosolutions.com\/wp-content\/uploads\/2025\/03\/Logo-Ergosolutions-Bleu-1024x275.png 1024w, https:\/\/www.cocoon-ergosolutions.com\/wp-content\/uploads\/2025\/03\/Logo-Ergosolutions-Bleu-300x80.png 300w, https:\/\/www.cocoon-ergosolutions.com\/wp-content\/uploads\/2025\/03\/Logo-Ergosolutions-Bleu-768x206.png 768w, https:\/\/www.cocoon-ergosolutions.com\/wp-content\/uploads\/2025\/03\/Logo-Ergosolutions-Bleu.png 1119w\" sizes=\"(max-width: 800px) 100vw, 800px\" \/>\t\t\t\t\t\t\t\t<\/a>\n\t\t\t\t\t\t\t\t\t\t\t\t\t\t\t<\/div>\n\t\t\t\t<\/div>\n\t\t\t\t\t<\/div>\n\t\t\t\t<\/div>\n\t\t<div class=\"elementor-element elementor-element-ebedbe8 e-flex e-con-boxed e-con e-parent\" data-id=\"ebedbe8\" data-element_type=\"container\">\n\t\t\t\t\t<div class=\"e-con-inner\">\n\t\t\t\t<div class=\"elementor-element elementor-element-e0cbf4f exad-sticky-section-no exad-glass-effect-no elementor-widget elementor-widget-text-editor\" data-id=\"e0cbf4f\" data-element_type=\"widget\" data-widget_type=\"text-editor.default\">\n\t\t\t\t<div class=\"elementor-widget-container\">\n\t\t\t\t\t\t\t\t\t<p><strong data-start=\"781\" data-end=\"810\">Merci pour votre demande.<\/strong><\/p>\t\t\t\t\t\t\t\t<\/div>\n\t\t\t\t<\/div>\n\t\t\t\t<div class=\"elementor-element elementor-element-8b8a2e5 exad-sticky-section-no exad-glass-effect-no elementor-widget elementor-widget-text-editor\" data-id=\"8b8a2e5\" data-element_type=\"widget\" data-widget_type=\"text-editor.default\">\n\t\t\t\t<div class=\"elementor-widget-container\">\n\t\t\t\t\t\t\t\t\t<p>Elle a bien \u00e9t\u00e9 transmise \u00e0 notre \u00e9quipe.<br data-start=\"856\" data-end=\"859\" \/>Nous vous contacterons <strong data-start=\"884\" data-end=\"915\">sous 24 \u00e0 48 heures ouvr\u00e9es<\/strong> pour vous accompagner dans votre projet.<br data-start=\"956\" data-end=\"959\" \/>Vos informations restent strictement confidentielles.<\/p>\t\t\t\t\t\t\t\t<\/div>\n\t\t\t\t<\/div>\n\t\t\t\t\t<\/div>\n\t\t\t\t<\/div>\n\t\t<div class=\"elementor-element elementor-element-bb292db e-flex e-con-boxed e-con e-parent\" data-id=\"bb292db\" data-element_type=\"container\" data-settings=\"{&quot;background_background&quot;:&quot;classic&quot;}\">\n\t\t\t\t\t<div class=\"e-con-inner\">\n\t\t<div class=\"elementor-element elementor-element-f0b9120 e-con-full e-flex e-con e-child\" data-id=\"f0b9120\" data-element_type=\"container\">\n\t\t\t\t<div class=\"elementor-element elementor-element-b29d79f elementor-widget__width-initial exad-sticky-section-no exad-glass-effect-no elementor-widget elementor-widget-image\" data-id=\"b29d79f\" data-element_type=\"widget\" data-widget_type=\"image.default\">\n\t\t\t\t<div class=\"elementor-widget-container\">\n\t\t\t\t\t\t\t\t\t\t\t\t\t\t\t\t<a href=\"https:\/\/www.cocoon-ergosolutions.com\/se\">\n\t\t\t\t\t\t\t<img fetchpriority=\"high\" decoding=\"async\" width=\"800\" height=\"215\" src=\"https:\/\/www.cocoon-ergosolutions.com\/wp-content\/uploads\/2025\/03\/Logo-Ergosolutions-Bleu-1024x275.png\" class=\"attachment-large size-large wp-image-132\" alt=\"\" srcset=\"https:\/\/www.cocoon-ergosolutions.com\/wp-content\/uploads\/2025\/03\/Logo-Ergosolutions-Bleu-1024x275.png 1024w, https:\/\/www.cocoon-ergosolutions.com\/wp-content\/uploads\/2025\/03\/Logo-Ergosolutions-Bleu-300x80.png 300w, https:\/\/www.cocoon-ergosolutions.com\/wp-content\/uploads\/2025\/03\/Logo-Ergosolutions-Bleu-768x206.png 768w, https:\/\/www.cocoon-ergosolutions.com\/wp-content\/uploads\/2025\/03\/Logo-Ergosolutions-Bleu.png 1119w\" sizes=\"(max-width: 800px) 100vw, 800px\" \/>\t\t\t\t\t\t\t\t<\/a>\n\t\t\t\t\t\t\t\t\t\t\t\t\t\t\t<\/div>\n\t\t\t\t<\/div>\n\t\t\t\t<\/div>\n\t\t<div class=\"elementor-element elementor-element-41c2ae0 e-con-full e-flex e-con e-child\" data-id=\"41c2ae0\" data-element_type=\"container\">\n\t\t\t\t<div class=\"elementor-element elementor-element-c31b6e6 elementor-widget__width-initial exad-sticky-section-no exad-glass-effect-no elementor-widget elementor-widget-text-editor\" data-id=\"c31b6e6\" data-element_type=\"widget\" data-widget_type=\"text-editor.default\">\n\t\t\t\t<div class=\"elementor-widget-container\">\n\t\t\t\t\t\t\t\t\t<p><a href=\"https:\/\/www.cocoon-ergosolutions.com\/se\/mentions-legales\/\">Juridisk information<\/a><\/p>\t\t\t\t\t\t\t\t<\/div>\n\t\t\t\t<\/div>\n\t\t\t\t<div class=\"elementor-element elementor-element-e47486c elementor-widget__width-initial exad-sticky-section-no exad-glass-effect-no elementor-widget elementor-widget-text-editor\" data-id=\"e47486c\" data-element_type=\"widget\" data-widget_type=\"text-editor.default\">\n\t\t\t\t<div class=\"elementor-widget-container\">\n\t\t\t\t\t\t\t\t\t<p><a href=\"https:\/\/www.cocoon-ergosolutions.com\/se\/politique-de-confidentialite\/\">Integritetspolicy<\/a><\/p>\t\t\t\t\t\t\t\t<\/div>\n\t\t\t\t<\/div>\n\t\t\t\t<\/div>\n\t\t\t\t\t<\/div>\n\t\t\t\t<\/div>\n\t\t\t\t<\/div>","protected":false},"excerpt":{"rendered":"<p>Merci pour votre demande. Elle a bien \u00e9t\u00e9 transmise \u00e0 notre \u00e9quipe.Nous vous contacterons sous 24 \u00e0 48 heures ouvr\u00e9es pour vous accompagner dans votre projet.Vos informations restent strictement confidentielles. Mentions L\u00e9gales Politique de confidentialit\u00e9<\/p>","protected":false},"author":1,"featured_media":0,"parent":0,"menu_order":0,"comment_status":"closed","ping_status":"closed","template":"elementor_canvas","meta":{"footnotes":""},"class_list":["post-1875","page","type-page","status-publish","hentry"],"_links":{"self":[{"href":"https:\/\/www.cocoon-ergosolutions.com\/se\/wp-json\/wp\/v2\/pages\/1875","targetHints":{"allow":["GET"]}}],"collection":[{"href":"https:\/\/www.cocoon-ergosolutions.com\/se\/wp-json\/wp\/v2\/pages"}],"about":[{"href":"https:\/\/www.cocoon-ergosolutions.com\/se\/wp-json\/wp\/v2\/types\/page"}],"author":[{"embeddable":true,"href":"https:\/\/www.cocoon-ergosolutions.com\/se\/wp-json\/wp\/v2\/users\/1"}],"replies":[{"embeddable":true,"href":"https:\/\/www.cocoon-ergosolutions.com\/se\/wp-json\/wp\/v2\/comments?post=1875"}],"version-history":[{"count":4,"href":"https:\/\/www.cocoon-ergosolutions.com\/se\/wp-json\/wp\/v2\/pages\/1875\/revisions"}],"predecessor-version":[{"id":1879,"href":"https:\/\/www.cocoon-ergosolutions.com\/se\/wp-json\/wp\/v2\/pages\/1875\/revisions\/1879"}],"wp:attachment":[{"href":"https:\/\/www.cocoon-ergosolutions.com\/se\/wp-json\/wp\/v2\/media?parent=1875"}],"curies":[{"name":"wp","href":"https:\/\/api.w.org\/{rel}","templated":true}]}}