{"id":1593,"date":"2025-06-17T11:41:27","date_gmt":"2025-06-17T11:41:27","guid":{"rendered":"https:\/\/www.cocoon-ergosolutions.com\/?page_id=1593"},"modified":"2025-06-17T11:44:11","modified_gmt":"2025-06-17T11:44:11","slug":"politique-de-confidentialite","status":"publish","type":"page","link":"https:\/\/www.cocoon-ergosolutions.com\/se\/politique-de-confidentialite\/","title":{"rendered":"Integritetspolicy"},"content":{"rendered":"<div data-elementor-type=\"wp-page\" data-elementor-id=\"1593\" class=\"elementor elementor-1593\" data-elementor-post-type=\"page\">\n\t\t\t\t<div class=\"elementor-element elementor-element-47582c9 e-flex e-con-boxed e-con e-parent\" data-id=\"47582c9\" data-element_type=\"container\" data-settings=\"{&quot;background_background&quot;:&quot;classic&quot;}\">\n\t\t\t\t\t<div class=\"e-con-inner\">\n\t\t\t\t<div class=\"elementor-element elementor-element-b3c64c5 exad-sticky-section-no exad-glass-effect-no elementor-widget elementor-widget-text-editor\" data-id=\"b3c64c5\" data-element_type=\"widget\" data-widget_type=\"text-editor.default\">\n\t\t\t\t<div class=\"elementor-widget-container\">\n\t\t\t\t\t\t\t\t\t<p><b>Detta cookiemeddelande inneh\u00e5ller information om v\u00e5r cookiepolicy. Denna cookiepolicy kan komma att \u00e4ndras. ergosolutions.fr r\u00e5der dig d\u00e4rf\u00f6r att l\u00e4sa den regelbundet.<\/b><\/p><p><b>Vad \u00e4r en cookie?<\/b><\/p><p>En cookie \u00e4r en liten textfil som placeras p\u00e5 din dator av en webbplats. Varf\u00f6r anv\u00e4nder cocoon-ergosolutions.com cookies? cocoon-ergosolutions.com letar alltid efter nya s\u00e4tt att f\u00f6rb\u00e4ttra sin webbplats och erbjuda dig en b\u00e4ttre service. Genom att anv\u00e4nda cookies kan cocoon-ergosolutions.com g\u00f6ra inneh\u00e5llet p\u00e5 sin webbplats mer relevant och anpassa det till din personliga smak och dina behov. Dessutom underl\u00e4ttar och p\u00e5skyndar cookies interaktionen mellan dig och v\u00e5r webbplats och hj\u00e4lper dig att navigera mellan de olika delarna av den.<\/p><p>Vilka typer av cookies anv\u00e4nds av cocoon-ergosolutions.com? ergosolutions.fr anv\u00e4nder cookies <a href=\"https:\/\/en.wiktionary.org\/wiki\/analytiques\">analytisk<\/a>Dessa cookies, som anv\u00e4nds med ditt samtycke, g\u00f6r det m\u00f6jligt f\u00f6r oss att m\u00e4ta antalet visade sidor, antalet bes\u00f6k samt aktiviteten hos bes\u00f6kare p\u00e5 webbplatsen och hur ofta de \u00e5terv\u00e4nder (publikm\u00e4tning) tack vare Google Analytics. Du kan h\u00e4nvisa till deras webbsidor om integritet f\u00f6r att ta reda p\u00e5 hur de fungerar i detalj: L\u00e4nk till Google Analytics: https:\/\/privacy.google.com\/<\/p><p><b>Skydd av personuppgifter<\/b><\/p><p>Den personuppgiftsbehandling som utf\u00f6rs p\u00e5 webbplatsen cocoon-ergosolutions.com ing\u00e5r i Ergosolutions f\u00f6rteckning \u00f6ver behandlingar. I enlighet med artikel 32 i den \u00e4ndrade franska lagen nr 78-17 av den 6 januari 1978 om databehandling, dataregister och individuella friheter, informerar Ergosolutions, den personuppgiftsansvarige, anv\u00e4ndaren om att de behandlar personuppgifter som r\u00f6r honom\/henne. Den information som anv\u00e4ndaren l\u00e4mnar via de formul\u00e4r som finns tillg\u00e4ngliga p\u00e5 webbplatsen \u00e4r avsedd f\u00f6r beh\u00f6rig personal p\u00e5 Ergosolutions, f\u00f6r administrativa och kommersiella \u00e4ndam\u00e5l.<\/p><p>Information som \u00e4r markerad med en asterisk \u00e4r obligatorisk. Om du inte g\u00f6r det kommer din beg\u00e4ran om information inte att kunna behandlas eller kommer behandlingen att f\u00f6rsenas. Anv\u00e4ndare har r\u00e4tt att f\u00e5 tillg\u00e5ng till, ifr\u00e5gas\u00e4tta, \u00e4ndra, korrigera och radera sina personuppgifter. Anv\u00e4ndare har ocks\u00e5 r\u00e4tt att inv\u00e4nda mot behandling av deras personuppgifter av legitima sk\u00e4l, liksom r\u00e4tt att inv\u00e4nda mot att dessa uppgifter anv\u00e4nds f\u00f6r kommersiell prospektering. F\u00f6r att ut\u00f6va dessa r\u00e4ttigheter m\u00e5ste anv\u00e4ndaren skicka ett brev till Ergosolutions med en kopia av en undertecknad identitetshandling till f\u00f6ljande adress Ergosolutions - 14 RUE DU VIEUX FAUBOURG - 59800 LILLE, Frankrike, eller via e-post till contact@ergosolutions.fr.<\/p><p>Anv\u00e4ndarna informeras om att en cookie kan komma att installeras automatiskt i deras webbl\u00e4sare n\u00e4r de bes\u00f6ker webbplatsen. De regler som g\u00e4ller f\u00f6r cookies finns i den cookiepolicy som finns p\u00e5 v\u00e5r webbplats.<\/p><p>Anv\u00e4ndarna av webbplatsen \u00e4r skyldiga att f\u00f6lja best\u00e4mmelserna i lag nr 78-17 av den 6 januari 1978 om databehandling, dataregister och individuella friheter, i dess \u00e4ndrade lydelse, vars \u00f6vertr\u00e4delse \u00e4r straffbar enligt lag. De m\u00e5ste i synnerhet avst\u00e5 fr\u00e5n all insamling, missbruk eller, i allm\u00e4nhet, alla handlingar som kan kr\u00e4nka enskilda personers integritet eller rykte\".<\/p>\t\t\t\t\t\t\t\t<\/div>\n\t\t\t\t<\/div>\n\t\t\t\t\t<\/div>\n\t\t\t\t<\/div>\n\t\t\t\t<\/div>","protected":false},"excerpt":{"rendered":"<p>La pr\u00e9sente d\u00e9claration relative aux cookies donne des informations sur la politique en mati\u00e8re de cookies. Cette d\u00e9claration relative aux cookies peut \u00eatre modifi\u00e9e. ergosolutions.fr vous conseille d\u00e8s lors de r\u00e9guli\u00e8rement la consulter. Qu\u2019est-ce qu\u2019un cookie ? Un cookie est un petit fichier texte qui est plac\u00e9 sur votre mat\u00e9riel informatique (votre ordinateur par exemple) [&hellip;]<\/p>","protected":false},"author":1,"featured_media":0,"parent":0,"menu_order":0,"comment_status":"closed","ping_status":"closed","template":"elementor_header_footer","meta":{"footnotes":""},"class_list":["post-1593","page","type-page","status-publish","hentry"],"_links":{"self":[{"href":"https:\/\/www.cocoon-ergosolutions.com\/se\/wp-json\/wp\/v2\/pages\/1593","targetHints":{"allow":["GET"]}}],"collection":[{"href":"https:\/\/www.cocoon-ergosolutions.com\/se\/wp-json\/wp\/v2\/pages"}],"about":[{"href":"https:\/\/www.cocoon-ergosolutions.com\/se\/wp-json\/wp\/v2\/types\/page"}],"author":[{"embeddable":true,"href":"https:\/\/www.cocoon-ergosolutions.com\/se\/wp-json\/wp\/v2\/users\/1"}],"replies":[{"embeddable":true,"href":"https:\/\/www.cocoon-ergosolutions.com\/se\/wp-json\/wp\/v2\/comments?post=1593"}],"version-history":[{"count":7,"href":"https:\/\/www.cocoon-ergosolutions.com\/se\/wp-json\/wp\/v2\/pages\/1593\/revisions"}],"predecessor-version":[{"id":1600,"href":"https:\/\/www.cocoon-ergosolutions.com\/se\/wp-json\/wp\/v2\/pages\/1593\/revisions\/1600"}],"wp:attachment":[{"href":"https:\/\/www.cocoon-ergosolutions.com\/se\/wp-json\/wp\/v2\/media?parent=1593"}],"curies":[{"name":"wp","href":"https:\/\/api.w.org\/{rel}","templated":true}]}}