{"id":909,"date":"2025-04-28T13:01:04","date_gmt":"2025-04-28T13:01:04","guid":{"rendered":"https:\/\/www.cocoon-ergosolutions.com\/?page_id=909"},"modified":"2025-05-13T12:47:53","modified_gmt":"2025-05-13T12:47:53","slug":"cocoon-senior","status":"publish","type":"page","link":"https:\/\/www.cocoon-ergosolutions.com\/dk\/cocoon-senior\/","title":{"rendered":"Cocoon Senior"},"content":{"rendered":"<div data-elementor-type=\"wp-page\" data-elementor-id=\"909\" class=\"elementor elementor-909\" data-elementor-post-type=\"page\">\n\t\t\t\t<div class=\"elementor-element elementor-element-5a05659 e-flex e-con-boxed e-con e-parent\" data-id=\"5a05659\" data-element_type=\"container\" data-settings=\"{&quot;background_background&quot;:&quot;classic&quot;}\">\n\t\t\t\t\t<div class=\"e-con-inner\">\n\t\t\t\t<div class=\"elementor-element elementor-element-ca0e89f elementor-arrows-position-outside elementor-widget__width-initial elementor-widget-mobile__width-inherit elementor-pagination-position-outside exad-sticky-section-no exad-glass-effect-no elementor-widget elementor-widget-image-carousel\" data-id=\"ca0e89f\" data-element_type=\"widget\" data-settings=\"{&quot;slides_to_show&quot;:&quot;1&quot;,&quot;navigation&quot;:&quot;both&quot;,&quot;autoplay&quot;:&quot;yes&quot;,&quot;pause_on_hover&quot;:&quot;yes&quot;,&quot;pause_on_interaction&quot;:&quot;yes&quot;,&quot;autoplay_speed&quot;:5000,&quot;infinite&quot;:&quot;yes&quot;,&quot;effect&quot;:&quot;slide&quot;,&quot;speed&quot;:500}\" data-widget_type=\"image-carousel.default\">\n\t\t\t\t<div class=\"elementor-widget-container\">\n\t\t\t\t\t\t\t<div class=\"elementor-image-carousel-wrapper swiper\" role=\"region\" aria-roledescription=\"carousel\" aria-label=\"Billedkarrusel\" dir=\"ltr\">\n\t\t\t<div class=\"elementor-image-carousel swiper-wrapper\" aria-live=\"off\">\n\t\t\t\t\t\t\t\t<div class=\"swiper-slide\" role=\"group\" aria-roledescription=\"slide\" aria-label=\"1 af 4\" data-no-translation-aria-label=\"\"><a data-elementor-open-lightbox=\"yes\" data-elementor-lightbox-slideshow=\"ca0e89f\" data-e-action-hash=\"#elementor-action%3Aaction%3Dlightbox%26settings%3DeyJpZCI6OTExLCJ1cmwiOiJodHRwczpcL1wvd3d3LmNvY29vbi1lcmdvc29sdXRpb25zLmNvbVwvd3AtY29udGVudFwvdXBsb2Fkc1wvMjAyNVwvMDRcL1RSSUREXzIwMjUwNDA5RFNDXzgxNzguanBnIiwic2xpZGVzaG93IjoiY2EwZTg5ZiJ9\" href=\"https:\/\/www.cocoon-ergosolutions.com\/wp-content\/uploads\/2025\/04\/TRIDD_20250409DSC_8178.jpg\"><figure class=\"swiper-slide-inner\"><img decoding=\"async\" class=\"swiper-slide-image\" src=\"https:\/\/www.cocoon-ergosolutions.com\/wp-content\/uploads\/2025\/04\/TRIDD_20250409DSC_8178.jpg\" alt=\"TRIDD_20250409DSC_8178\" \/><\/figure><\/a><\/div><div class=\"swiper-slide\" role=\"group\" aria-roledescription=\"slide\" aria-label=\"2 af 4\" data-no-translation-aria-label=\"\"><a data-elementor-open-lightbox=\"yes\" data-elementor-lightbox-slideshow=\"ca0e89f\" data-e-action-hash=\"#elementor-action%3Aaction%3Dlightbox%26settings%3DeyJpZCI6OTEyLCJ1cmwiOiJodHRwczpcL1wvd3d3LmNvY29vbi1lcmdvc29sdXRpb25zLmNvbVwvd3AtY29udGVudFwvdXBsb2Fkc1wvMjAyNVwvMDRcL1RSSUREXzIwMjUwNDA5RFNDXzgwOTYuanBnIiwic2xpZGVzaG93IjoiY2EwZTg5ZiJ9\" href=\"https:\/\/www.cocoon-ergosolutions.com\/wp-content\/uploads\/2025\/04\/TRIDD_20250409DSC_8096.jpg\"><figure class=\"swiper-slide-inner\"><img decoding=\"async\" class=\"swiper-slide-image\" src=\"https:\/\/www.cocoon-ergosolutions.com\/wp-content\/uploads\/2025\/04\/TRIDD_20250409DSC_8096.jpg\" alt=\"TRIDD_20250409DSC_8096\" \/><\/figure><\/a><\/div><div class=\"swiper-slide\" role=\"group\" aria-roledescription=\"slide\" aria-label=\"3 af 4\" data-no-translation-aria-label=\"\"><a data-elementor-open-lightbox=\"yes\" data-elementor-lightbox-slideshow=\"ca0e89f\" data-e-action-hash=\"#elementor-action%3Aaction%3Dlightbox%26settings%3DeyJpZCI6MTIxNywidXJsIjoiaHR0cHM6XC9cL3d3dy5jb2Nvb24tZXJnb3NvbHV0aW9ucy5jb21cL3dwLWNvbnRlbnRcL3VwbG9hZHNcLzIwMjVcLzA1XC9EZXNpZ24tc2Fucy10aXRyZS0yMDI1LTA1LTEzVDExMjMzOS4xMjcucG5nIiwic2xpZGVzaG93IjoiY2EwZTg5ZiJ9\" href=\"https:\/\/www.cocoon-ergosolutions.com\/wp-content\/uploads\/2025\/05\/Design-sans-titre-2025-05-13T112339.127.png\"><figure class=\"swiper-slide-inner\"><img decoding=\"async\" class=\"swiper-slide-image\" src=\"https:\/\/www.cocoon-ergosolutions.com\/wp-content\/uploads\/2025\/05\/Design-sans-titre-2025-05-13T112339.127.png\" alt=\"Design sans titre - 2025-05-13T112339.127\" \/><\/figure><\/a><\/div><div class=\"swiper-slide\" role=\"group\" aria-roledescription=\"slide\" aria-label=\"4 af 4\" data-no-translation-aria-label=\"\"><a data-elementor-open-lightbox=\"yes\" data-elementor-lightbox-slideshow=\"ca0e89f\" data-e-action-hash=\"#elementor-action%3Aaction%3Dlightbox%26settings%3DeyJpZCI6OTE0LCJ1cmwiOiJodHRwczpcL1wvd3d3LmNvY29vbi1lcmdvc29sdXRpb25zLmNvbVwvd3AtY29udGVudFwvdXBsb2Fkc1wvMjAyNVwvMDRcL1RSSUREXzIwMjUwNDA5RFNDXzgyMDMuanBnIiwic2xpZGVzaG93IjoiY2EwZTg5ZiJ9\" href=\"https:\/\/www.cocoon-ergosolutions.com\/wp-content\/uploads\/2025\/04\/TRIDD_20250409DSC_8203.jpg\"><figure class=\"swiper-slide-inner\"><img decoding=\"async\" class=\"swiper-slide-image\" src=\"https:\/\/www.cocoon-ergosolutions.com\/wp-content\/uploads\/2025\/04\/TRIDD_20250409DSC_8203.jpg\" alt=\"TRIDD_20250409DSC_8203\" \/><\/figure><\/a><\/div>\t\t\t<\/div>\n\t\t\t\t\t\t\t\t\t\t\t\t<div class=\"elementor-swiper-button elementor-swiper-button-prev\" role=\"button\" tabindex=\"0\">\n\t\t\t\t\t\t<svg aria-hidden=\"true\" class=\"e-font-icon-svg e-eicon-chevron-left\" viewbox=\"0 0 1000 1000\" xmlns=\"http:\/\/www.w3.org\/2000\/svg\"><path d=\"M646 125C629 125 613 133 604 142L308 442C296 454 292 471 292 487 292 504 296 521 308 533L604 854C617 867 629 875 646 875 663 875 679 871 692 858 704 846 713 829 713 812 713 796 708 779 692 767L438 487 692 225C700 217 708 204 708 187 708 171 704 154 692 142 675 129 663 125 646 125Z\"><\/path><\/svg>\t\t\t\t\t<\/div>\n\t\t\t\t\t<div class=\"elementor-swiper-button elementor-swiper-button-next\" role=\"button\" tabindex=\"0\">\n\t\t\t\t\t\t<svg aria-hidden=\"true\" class=\"e-font-icon-svg e-eicon-chevron-right\" viewbox=\"0 0 1000 1000\" xmlns=\"http:\/\/www.w3.org\/2000\/svg\"><path d=\"M696 533C708 521 713 504 713 487 713 471 708 454 696 446L400 146C388 133 375 125 354 125 338 125 325 129 313 142 300 154 292 171 292 187 292 204 296 221 308 233L563 492 304 771C292 783 288 800 288 817 288 833 296 850 308 863 321 871 338 875 354 875 371 875 388 867 400 854L696 533Z\"><\/path><\/svg>\t\t\t\t\t<\/div>\n\t\t\t\t\n\t\t\t\t\t\t\t\t\t<div class=\"swiper-pagination\"><\/div>\n\t\t\t\t\t\t\t\t\t<\/div>\n\t\t\t\t\t\t<\/div>\n\t\t\t\t<\/div>\n\t\t\t\t<div class=\"elementor-element elementor-element-0bf9bca elementor-widget__width-initial exad-sticky-section-no exad-glass-effect-no elementor-widget elementor-widget-heading\" data-id=\"0bf9bca\" data-element_type=\"widget\" data-widget_type=\"heading.default\">\n\t\t\t\t<div class=\"elementor-widget-container\">\n\t\t\t\t\t<h1 class=\"elementor-heading-title elementor-size-default\">COCOON <br>\nDen sikre, beroligende teltseng til seniorer\n<\/h1>\t\t\t\t<\/div>\n\t\t\t\t<\/div>\n\t\t\t\t<div class=\"elementor-element elementor-element-fe87303 elementor-widget__width-initial exad-sticky-section-no exad-glass-effect-no elementor-widget elementor-widget-text-editor\" data-id=\"fe87303\" data-element_type=\"widget\" data-widget_type=\"text-editor.default\">\n\t\t\t\t<div class=\"elementor-widget-container\">\n\t\t\t\t\t\t\t\t\t<p>\u00c6ldre mennesker, der lider af demens og\/eller s\u00f8vnforstyrrelser, kan v\u00e6re tilb\u00f8jelige til at falde, n\u00e5r de st\u00e5r ud af sengen, is\u00e6r om natten. COCOON er den perfekte l\u00f8sning p\u00e5 dette problem.<\/p><p><strong>En f\u00f8lelse af beskyttelse<\/strong><br \/>COCOON-teltsengen skaber et beroligende og sikkert sovemilj\u00f8 takket v\u00e6re sin bl\u00f8de, m\u00f8rke netstruktur: Den skaber et varmt, beskyttet rum, der reducerer stimuli og skaber en dyb f\u00f8lelse af afslapning og ro.<br \/>En rigtig kokon til fredfyldte n\u00e6tter!<\/p><p><strong>Perfekt sikkerhed<\/strong><br \/>P\u00e5 ydersiden s\u00f8rger lynl\u00e5se med l\u00e5sesystem for, at brugeren ligger sikkert i sengen hele natten.<\/p><p><strong>En seng, der er nem at leve med hver dag og i lang tid fremover<\/strong><br \/>Robuste materialer og en finish af h\u00f8j kvalitet sikrer nem, grundig reng\u00f8ring og lang levetid.<br \/>H\u00f8jdejusteringen og patientl\u00f8fteren minimerer den fysiske belastning af plejepersonalet.<br \/>Sengen kan \u00e5bnes p\u00e5 begge sider med st\u00e6rke og glatte lynl\u00e5se af h\u00f8j kvalitet, hvilket giver optimal tilg\u00e6ngelighed og fleksibilitet under plejen.<\/p>\t\t\t\t\t\t\t\t<\/div>\n\t\t\t\t<\/div>\n\t\t\t\t<div class=\"elementor-element elementor-element-8156f03 exad-sticky-section-no exad-glass-effect-no elementor-widget elementor-widget-button\" data-id=\"8156f03\" data-element_type=\"widget\" data-widget_type=\"button.default\">\n\t\t\t\t<div class=\"elementor-widget-container\">\n\t\t\t\t\t\t\t\t\t<div class=\"elementor-button-wrapper\">\n\t\t\t\t\t<a class=\"elementor-button elementor-button-link elementor-size-sm\" href=\"https:\/\/www.cocoon-ergosolutions.com\/dk\/contactez-lentreprise-ergosolutions\/\">\n\t\t\t\t\t\t<span class=\"elementor-button-content-wrapper\">\n\t\t\t\t\t\t\t\t\t<span class=\"elementor-button-text\">Kontakt os for at tjekke tilg\u00e6ngelighed<\/span>\n\t\t\t\t\t<\/span>\n\t\t\t\t\t<\/a>\n\t\t\t\t<\/div>\n\t\t\t\t\t\t\t\t<\/div>\n\t\t\t\t<\/div>\n\t\t\t\t\t<\/div>\n\t\t\t\t<\/div>\n\t\t<div class=\"elementor-element elementor-element-b2511f2 e-flex e-con-boxed e-con e-parent\" data-id=\"b2511f2\" data-element_type=\"container\">\n\t\t\t\t\t<div class=\"e-con-inner\">\n\t\t<div class=\"elementor-element elementor-element-e926f2c e-con-full e-flex e-con e-child\" data-id=\"e926f2c\" data-element_type=\"container\" data-settings=\"{&quot;background_background&quot;:&quot;classic&quot;}\">\n\t\t\t\t<\/div>\n\t\t<div class=\"elementor-element elementor-element-2ccd65b e-con-full e-flex e-con e-child\" data-id=\"2ccd65b\" data-element_type=\"container\" data-settings=\"{&quot;background_background&quot;:&quot;classic&quot;}\">\n\t\t\t\t<\/div>\n\t\t\t\t\t<\/div>\n\t\t\t\t<\/div>\n\t\t\t\t<\/div>","protected":false},"excerpt":{"rendered":"<p>COCOON Le lit-tente apaisant et s\u00e9curis\u00e9 pour les Seniors Les personnes \u00e2g\u00e9es atteintes de d\u00e9mence et\/ou souffrant de troubles du sommeil peuvent \u00eatre sujettes \u00e0 des chutes en se levant du lit, notamment la nuit. COCOON est une solution parfaitement adapt\u00e9e \u00e0 cette probl\u00e9matique. Un sentiment de protectionLe lit-tente COCOON cr\u00e9e un environnement de sommeil [&hellip;]<\/p>","protected":false},"author":1,"featured_media":0,"parent":0,"menu_order":0,"comment_status":"closed","ping_status":"closed","template":"elementor_header_footer","meta":{"footnotes":""},"class_list":["post-909","page","type-page","status-publish","hentry"],"_links":{"self":[{"href":"https:\/\/www.cocoon-ergosolutions.com\/dk\/wp-json\/wp\/v2\/pages\/909","targetHints":{"allow":["GET"]}}],"collection":[{"href":"https:\/\/www.cocoon-ergosolutions.com\/dk\/wp-json\/wp\/v2\/pages"}],"about":[{"href":"https:\/\/www.cocoon-ergosolutions.com\/dk\/wp-json\/wp\/v2\/types\/page"}],"author":[{"embeddable":true,"href":"https:\/\/www.cocoon-ergosolutions.com\/dk\/wp-json\/wp\/v2\/users\/1"}],"replies":[{"embeddable":true,"href":"https:\/\/www.cocoon-ergosolutions.com\/dk\/wp-json\/wp\/v2\/comments?post=909"}],"version-history":[{"count":73,"href":"https:\/\/www.cocoon-ergosolutions.com\/dk\/wp-json\/wp\/v2\/pages\/909\/revisions"}],"predecessor-version":[{"id":1424,"href":"https:\/\/www.cocoon-ergosolutions.com\/dk\/wp-json\/wp\/v2\/pages\/909\/revisions\/1424"}],"wp:attachment":[{"href":"https:\/\/www.cocoon-ergosolutions.com\/dk\/wp-json\/wp\/v2\/media?parent=909"}],"curies":[{"name":"wp","href":"https:\/\/api.w.org\/{rel}","templated":true}]}}