{"id":473,"date":"2025-04-08T10:08:32","date_gmt":"2025-04-08T10:08:32","guid":{"rendered":"https:\/\/www.cocoon-ergosolutions.com\/?page_id=473"},"modified":"2025-05-21T14:20:34","modified_gmt":"2025-05-21T14:20:34","slug":"le-lit-cocoon-en-detail","status":"publish","type":"page","link":"https:\/\/www.cocoon-ergosolutions.com\/dk\/le-lit-cocoon-en-detail\/","title":{"rendered":"Le lit Cocoon en d\u00e9tail"},"content":{"rendered":"<div data-elementor-type=\"wp-page\" data-elementor-id=\"473\" class=\"elementor elementor-473\" data-elementor-post-type=\"page\">\n\t\t\t\t<div class=\"elementor-element elementor-element-be34e14 e-flex e-con-boxed e-con e-parent\" data-id=\"be34e14\" data-element_type=\"container\" data-settings=\"{&quot;background_background&quot;:&quot;classic&quot;}\">\n\t\t\t\t\t<div class=\"e-con-inner\">\n\t\t<div class=\"elementor-element elementor-element-f6f8f0c e-con-full e-flex e-con e-child\" data-id=\"f6f8f0c\" data-element_type=\"container\">\n\t\t\t\t<div class=\"elementor-element elementor-element-3462a1d elementor-widget__width-initial exad-sticky-section-no exad-glass-effect-no elementor-widget elementor-widget-heading\" data-id=\"3462a1d\" data-element_type=\"widget\" data-widget_type=\"heading.default\">\n\t\t\t\t<div class=\"elementor-widget-container\">\n\t\t\t\t\t<h1 class=\"elementor-heading-title elementor-size-default\">COCOON-sengen i detaljer <\/h1>\t\t\t\t<\/div>\n\t\t\t\t<\/div>\n\t\t\t\t<\/div>\n\t\t\t\t\t<\/div>\n\t\t\t\t<\/div>\n\t\t<div class=\"elementor-element elementor-element-2cb9925 e-flex e-con-boxed e-con e-parent\" data-id=\"2cb9925\" data-element_type=\"container\" data-settings=\"{&quot;background_background&quot;:&quot;classic&quot;}\">\n\t\t\t\t\t<div class=\"e-con-inner\">\n\t\t\t\t<div class=\"elementor-element elementor-element-e248021 elementor-arrows-position-outside elementor-widget__width-initial elementor-pagination-position-outside exad-sticky-section-no exad-glass-effect-no elementor-widget elementor-widget-image-carousel\" data-id=\"e248021\" data-element_type=\"widget\" data-settings=\"{&quot;slides_to_show&quot;:&quot;1&quot;,&quot;navigation&quot;:&quot;both&quot;,&quot;autoplay&quot;:&quot;yes&quot;,&quot;pause_on_hover&quot;:&quot;yes&quot;,&quot;pause_on_interaction&quot;:&quot;yes&quot;,&quot;autoplay_speed&quot;:5000,&quot;infinite&quot;:&quot;yes&quot;,&quot;effect&quot;:&quot;slide&quot;,&quot;speed&quot;:500}\" data-widget_type=\"image-carousel.default\">\n\t\t\t\t<div class=\"elementor-widget-container\">\n\t\t\t\t\t\t\t<div class=\"elementor-image-carousel-wrapper swiper\" role=\"region\" aria-roledescription=\"carousel\" aria-label=\"Billedkarrusel\" dir=\"ltr\">\n\t\t\t<div class=\"elementor-image-carousel swiper-wrapper\" aria-live=\"off\">\n\t\t\t\t\t\t\t\t<div class=\"swiper-slide\" role=\"group\" aria-roledescription=\"slide\" aria-label=\"1 de 13\" data-no-translation-aria-label=\"\"><a data-elementor-open-lightbox=\"yes\" data-elementor-lightbox-slideshow=\"e248021\" data-e-action-hash=\"#elementor-action%3Aaction%3Dlightbox%26settings%3DeyJpZCI6Njk3LCJ1cmwiOiJodHRwczpcL1wvd3d3LmNvY29vbi1lcmdvc29sdXRpb25zLmNvbVwvd3AtY29udGVudFwvdXBsb2Fkc1wvMjAyNVwvMDRcL1RSSUREXzIwMjUwNDA5RFNDXzcwMDEtMS5qcGciLCJzbGlkZXNob3ciOiJlMjQ4MDIxIn0%3D\" href=\"https:\/\/www.cocoon-ergosolutions.com\/wp-content\/uploads\/2025\/04\/TRIDD_20250409DSC_7001-1.jpg\"><figure class=\"swiper-slide-inner\"><img decoding=\"async\" class=\"swiper-slide-image\" src=\"https:\/\/www.cocoon-ergosolutions.com\/wp-content\/uploads\/2025\/04\/TRIDD_20250409DSC_7001-1.jpg\" alt=\"TRIDD_20250409DSC_7001\" \/><\/figure><\/a><\/div><div class=\"swiper-slide\" role=\"group\" aria-roledescription=\"slide\" aria-label=\"2 de 13\" data-no-translation-aria-label=\"\"><a data-elementor-open-lightbox=\"yes\" data-elementor-lightbox-slideshow=\"e248021\" data-e-action-hash=\"#elementor-action%3Aaction%3Dlightbox%26settings%3DeyJpZCI6Njc4LCJ1cmwiOiJodHRwczpcL1wvd3d3LmNvY29vbi1lcmdvc29sdXRpb25zLmNvbVwvd3AtY29udGVudFwvdXBsb2Fkc1wvMjAyNVwvMDRcL1RSSUREXzIwMjUwNDA5RFNDXzgwMzQuanBnIiwic2xpZGVzaG93IjoiZTI0ODAyMSJ9\" href=\"https:\/\/www.cocoon-ergosolutions.com\/wp-content\/uploads\/2025\/04\/TRIDD_20250409DSC_8034.jpg\"><figure class=\"swiper-slide-inner\"><img decoding=\"async\" class=\"swiper-slide-image\" src=\"https:\/\/www.cocoon-ergosolutions.com\/wp-content\/uploads\/2025\/04\/TRIDD_20250409DSC_8034.jpg\" alt=\"TRIDD_20250409DSC_8034\" \/><\/figure><\/a><\/div><div class=\"swiper-slide\" role=\"group\" aria-roledescription=\"slide\" aria-label=\"3 de 13\" data-no-translation-aria-label=\"\"><a data-elementor-open-lightbox=\"yes\" data-elementor-lightbox-slideshow=\"e248021\" data-e-action-hash=\"#elementor-action%3Aaction%3Dlightbox%26settings%3DeyJpZCI6Njc3LCJ1cmwiOiJodHRwczpcL1wvd3d3LmNvY29vbi1lcmdvc29sdXRpb25zLmNvbVwvd3AtY29udGVudFwvdXBsb2Fkc1wvMjAyNVwvMDRcL1RSSUREXzIwMjUwNDA5RFNDXzc5ODIuanBnIiwic2xpZGVzaG93IjoiZTI0ODAyMSJ9\" href=\"https:\/\/www.cocoon-ergosolutions.com\/wp-content\/uploads\/2025\/04\/TRIDD_20250409DSC_7982.jpg\"><figure class=\"swiper-slide-inner\"><img decoding=\"async\" class=\"swiper-slide-image\" src=\"https:\/\/www.cocoon-ergosolutions.com\/wp-content\/uploads\/2025\/04\/TRIDD_20250409DSC_7982.jpg\" alt=\"TRIDD_20250409DSC_7982\" \/><\/figure><\/a><\/div><div class=\"swiper-slide\" role=\"group\" aria-roledescription=\"slide\" aria-label=\"4 de 13\" data-no-translation-aria-label=\"\"><a data-elementor-open-lightbox=\"yes\" data-elementor-lightbox-slideshow=\"e248021\" data-e-action-hash=\"#elementor-action%3Aaction%3Dlightbox%26settings%3DeyJpZCI6NjczLCJ1cmwiOiJodHRwczpcL1wvd3d3LmNvY29vbi1lcmdvc29sdXRpb25zLmNvbVwvd3AtY29udGVudFwvdXBsb2Fkc1wvMjAyNVwvMDRcL1RSSUREXzIwMjUwNDA5RFNDXzc4ODYuanBnIiwic2xpZGVzaG93IjoiZTI0ODAyMSJ9\" href=\"https:\/\/www.cocoon-ergosolutions.com\/wp-content\/uploads\/2025\/04\/TRIDD_20250409DSC_7886.jpg\"><figure class=\"swiper-slide-inner\"><img decoding=\"async\" class=\"swiper-slide-image\" src=\"https:\/\/www.cocoon-ergosolutions.com\/wp-content\/uploads\/2025\/04\/TRIDD_20250409DSC_7886.jpg\" alt=\"TRIDD_20250409DSC_7886\" \/><\/figure><\/a><\/div><div class=\"swiper-slide\" role=\"group\" aria-roledescription=\"slide\" aria-label=\"5 de 13\" data-no-translation-aria-label=\"\"><a data-elementor-open-lightbox=\"yes\" data-elementor-lightbox-slideshow=\"e248021\" data-e-action-hash=\"#elementor-action%3Aaction%3Dlightbox%26settings%3DeyJpZCI6NjcwLCJ1cmwiOiJodHRwczpcL1wvd3d3LmNvY29vbi1lcmdvc29sdXRpb25zLmNvbVwvd3AtY29udGVudFwvdXBsb2Fkc1wvMjAyNVwvMDRcL1RSSUREXzIwMjUwNDA5RFNDXzc3OTIuanBnIiwic2xpZGVzaG93IjoiZTI0ODAyMSJ9\" href=\"https:\/\/www.cocoon-ergosolutions.com\/wp-content\/uploads\/2025\/04\/TRIDD_20250409DSC_7792.jpg\"><figure class=\"swiper-slide-inner\"><img decoding=\"async\" class=\"swiper-slide-image\" src=\"https:\/\/www.cocoon-ergosolutions.com\/wp-content\/uploads\/2025\/04\/TRIDD_20250409DSC_7792.jpg\" alt=\"TRIDD_20250409DSC_7792\" \/><\/figure><\/a><\/div><div class=\"swiper-slide\" role=\"group\" aria-roledescription=\"slide\" aria-label=\"6 de 13\" data-no-translation-aria-label=\"\"><a data-elementor-open-lightbox=\"yes\" data-elementor-lightbox-slideshow=\"e248021\" data-e-action-hash=\"#elementor-action%3Aaction%3Dlightbox%26settings%3DeyJpZCI6NjY5LCJ1cmwiOiJodHRwczpcL1wvd3d3LmNvY29vbi1lcmdvc29sdXRpb25zLmNvbVwvd3AtY29udGVudFwvdXBsb2Fkc1wvMjAyNVwvMDRcL1RSSUREXzIwMjUwNDA5RFNDXzc3NzAuanBnIiwic2xpZGVzaG93IjoiZTI0ODAyMSJ9\" href=\"https:\/\/www.cocoon-ergosolutions.com\/wp-content\/uploads\/2025\/04\/TRIDD_20250409DSC_7770.jpg\"><figure class=\"swiper-slide-inner\"><img decoding=\"async\" class=\"swiper-slide-image\" src=\"https:\/\/www.cocoon-ergosolutions.com\/wp-content\/uploads\/2025\/04\/TRIDD_20250409DSC_7770.jpg\" alt=\"TRIDD_20250409DSC_7770\" \/><\/figure><\/a><\/div><div class=\"swiper-slide\" role=\"group\" aria-roledescription=\"slide\" aria-label=\"7 de 13\" data-no-translation-aria-label=\"\"><a data-elementor-open-lightbox=\"yes\" data-elementor-lightbox-slideshow=\"e248021\" data-e-action-hash=\"#elementor-action%3Aaction%3Dlightbox%26settings%3DeyJpZCI6NjY4LCJ1cmwiOiJodHRwczpcL1wvd3d3LmNvY29vbi1lcmdvc29sdXRpb25zLmNvbVwvd3AtY29udGVudFwvdXBsb2Fkc1wvMjAyNVwvMDRcL1RSSUREXzIwMjUwNDA5RFNDXzc2NDQuanBnIiwic2xpZGVzaG93IjoiZTI0ODAyMSJ9\" href=\"https:\/\/www.cocoon-ergosolutions.com\/wp-content\/uploads\/2025\/04\/TRIDD_20250409DSC_7644.jpg\"><figure class=\"swiper-slide-inner\"><img decoding=\"async\" class=\"swiper-slide-image\" src=\"https:\/\/www.cocoon-ergosolutions.com\/wp-content\/uploads\/2025\/04\/TRIDD_20250409DSC_7644.jpg\" alt=\"TRIDD_20250409DSC_7644\" \/><\/figure><\/a><\/div><div class=\"swiper-slide\" role=\"group\" aria-roledescription=\"slide\" aria-label=\"8 de 13\" data-no-translation-aria-label=\"\"><a data-elementor-open-lightbox=\"yes\" data-elementor-lightbox-slideshow=\"e248021\" data-e-action-hash=\"#elementor-action%3Aaction%3Dlightbox%26settings%3DeyJpZCI6NjY0LCJ1cmwiOiJodHRwczpcL1wvd3d3LmNvY29vbi1lcmdvc29sdXRpb25zLmNvbVwvd3AtY29udGVudFwvdXBsb2Fkc1wvMjAyNVwvMDRcL1RSSUREXzIwMjUwNDA5RFNDXzc0MzkuanBnIiwic2xpZGVzaG93IjoiZTI0ODAyMSJ9\" href=\"https:\/\/www.cocoon-ergosolutions.com\/wp-content\/uploads\/2025\/04\/TRIDD_20250409DSC_7439.jpg\"><figure class=\"swiper-slide-inner\"><img decoding=\"async\" class=\"swiper-slide-image\" src=\"https:\/\/www.cocoon-ergosolutions.com\/wp-content\/uploads\/2025\/04\/TRIDD_20250409DSC_7439.jpg\" alt=\"TRIDD_20250409DSC_7439\" \/><\/figure><\/a><\/div><div class=\"swiper-slide\" role=\"group\" aria-roledescription=\"slide\" aria-label=\"9 de 13\" data-no-translation-aria-label=\"\"><a data-elementor-open-lightbox=\"yes\" data-elementor-lightbox-slideshow=\"e248021\" data-e-action-hash=\"#elementor-action%3Aaction%3Dlightbox%26settings%3DeyJpZCI6NjY3LCJ1cmwiOiJodHRwczpcL1wvd3d3LmNvY29vbi1lcmdvc29sdXRpb25zLmNvbVwvd3AtY29udGVudFwvdXBsb2Fkc1wvMjAyNVwvMDRcL1RSSUREXzIwMjUwNDA5RFNDXzc1MDMuanBnIiwic2xpZGVzaG93IjoiZTI0ODAyMSJ9\" href=\"https:\/\/www.cocoon-ergosolutions.com\/wp-content\/uploads\/2025\/04\/TRIDD_20250409DSC_7503.jpg\"><figure class=\"swiper-slide-inner\"><img decoding=\"async\" class=\"swiper-slide-image\" src=\"https:\/\/www.cocoon-ergosolutions.com\/wp-content\/uploads\/2025\/04\/TRIDD_20250409DSC_7503.jpg\" alt=\"TRIDD_20250409DSC_7503\" \/><\/figure><\/a><\/div><div class=\"swiper-slide\" role=\"group\" aria-roledescription=\"slide\" aria-label=\"10 de 13\" data-no-translation-aria-label=\"\"><a data-elementor-open-lightbox=\"yes\" data-elementor-lightbox-slideshow=\"e248021\" data-e-action-hash=\"#elementor-action%3Aaction%3Dlightbox%26settings%3DeyJpZCI6NjYyLCJ1cmwiOiJodHRwczpcL1wvd3d3LmNvY29vbi1lcmdvc29sdXRpb25zLmNvbVwvd3AtY29udGVudFwvdXBsb2Fkc1wvMjAyNVwvMDRcL1RSSUREXzIwMjUwNDA5RFNDXzczNzMuanBnIiwic2xpZGVzaG93IjoiZTI0ODAyMSJ9\" href=\"https:\/\/www.cocoon-ergosolutions.com\/wp-content\/uploads\/2025\/04\/TRIDD_20250409DSC_7373.jpg\"><figure class=\"swiper-slide-inner\"><img decoding=\"async\" class=\"swiper-slide-image\" src=\"https:\/\/www.cocoon-ergosolutions.com\/wp-content\/uploads\/2025\/04\/TRIDD_20250409DSC_7373.jpg\" alt=\"TRIDD_20250409DSC_7373\" \/><\/figure><\/a><\/div><div class=\"swiper-slide\" role=\"group\" aria-roledescription=\"slide\" aria-label=\"11 de 13\" data-no-translation-aria-label=\"\"><a data-elementor-open-lightbox=\"yes\" data-elementor-lightbox-slideshow=\"e248021\" data-e-action-hash=\"#elementor-action%3Aaction%3Dlightbox%26settings%3DeyJpZCI6ODQwLCJ1cmwiOiJodHRwczpcL1wvd3d3LmNvY29vbi1lcmdvc29sdXRpb25zLmNvbVwvd3AtY29udGVudFwvdXBsb2Fkc1wvMjAyNVwvMDRcL1RSSUREXzIwMjUwNDA5RFNDXzc5MTktMS5qcGciLCJzbGlkZXNob3ciOiJlMjQ4MDIxIn0%3D\" href=\"https:\/\/www.cocoon-ergosolutions.com\/wp-content\/uploads\/2025\/04\/TRIDD_20250409DSC_7919-1.jpg\"><figure class=\"swiper-slide-inner\"><img decoding=\"async\" class=\"swiper-slide-image\" src=\"https:\/\/www.cocoon-ergosolutions.com\/wp-content\/uploads\/2025\/04\/TRIDD_20250409DSC_7919-1.jpg\" alt=\"TRIDD_20250409DSC_7919\" \/><\/figure><\/a><\/div><div class=\"swiper-slide\" role=\"group\" aria-roledescription=\"slide\" aria-label=\"12 de 13\" data-no-translation-aria-label=\"\"><a data-elementor-open-lightbox=\"yes\" data-elementor-lightbox-slideshow=\"e248021\" data-e-action-hash=\"#elementor-action%3Aaction%3Dlightbox%26settings%3DeyJpZCI6ODkwLCJ1cmwiOiJodHRwczpcL1wvd3d3LmNvY29vbi1lcmdvc29sdXRpb25zLmNvbVwvd3AtY29udGVudFwvdXBsb2Fkc1wvMjAyNVwvMDRcL0Rlc2lnbi1zYW5zLXRpdHJlLTIwMjUtMDQtMjhUMTQwMDMwLjg2Mi5wbmciLCJzbGlkZXNob3ciOiJlMjQ4MDIxIn0%3D\" href=\"https:\/\/www.cocoon-ergosolutions.com\/wp-content\/uploads\/2025\/04\/Design-sans-titre-2025-04-28T140030.862.png\"><figure class=\"swiper-slide-inner\"><img decoding=\"async\" class=\"swiper-slide-image\" src=\"https:\/\/www.cocoon-ergosolutions.com\/wp-content\/uploads\/2025\/04\/Design-sans-titre-2025-04-28T140030.862.png\" alt=\"Design sans titre - 2025-04-28T140030.862\" \/><\/figure><\/a><\/div><div class=\"swiper-slide\" role=\"group\" aria-roledescription=\"slide\" aria-label=\"13 de 13\" data-no-translation-aria-label=\"\"><a data-elementor-open-lightbox=\"yes\" data-elementor-lightbox-slideshow=\"e248021\" data-e-action-hash=\"#elementor-action%3Aaction%3Dlightbox%26settings%3DeyJpZCI6ODQyLCJ1cmwiOiJodHRwczpcL1wvd3d3LmNvY29vbi1lcmdvc29sdXRpb25zLmNvbVwvd3AtY29udGVudFwvdXBsb2Fkc1wvMjAyNVwvMDRcL1RSSUREXzIwMjUwNDA5RFNDXzcwMDktMS1lMTc0NjE5NjU4ODc5MC5qcGciLCJzbGlkZXNob3ciOiJlMjQ4MDIxIn0%3D\" href=\"https:\/\/www.cocoon-ergosolutions.com\/wp-content\/uploads\/2025\/04\/TRIDD_20250409DSC_7009-1-e1746196588790.jpg\"><figure class=\"swiper-slide-inner\"><img decoding=\"async\" class=\"swiper-slide-image\" src=\"https:\/\/www.cocoon-ergosolutions.com\/wp-content\/uploads\/2025\/04\/TRIDD_20250409DSC_7009-1-e1746196588790.jpg\" alt=\"TRIDD_20250409DSC_7009\" \/><\/figure><\/a><\/div>\t\t\t<\/div>\n\t\t\t\t\t\t\t\t\t\t\t\t<div class=\"elementor-swiper-button elementor-swiper-button-prev\" role=\"button\" tabindex=\"0\">\n\t\t\t\t\t\t<svg aria-hidden=\"true\" class=\"e-font-icon-svg e-eicon-chevron-left\" viewbox=\"0 0 1000 1000\" xmlns=\"http:\/\/www.w3.org\/2000\/svg\"><path d=\"M646 125C629 125 613 133 604 142L308 442C296 454 292 471 292 487 292 504 296 521 308 533L604 854C617 867 629 875 646 875 663 875 679 871 692 858 704 846 713 829 713 812 713 796 708 779 692 767L438 487 692 225C700 217 708 204 708 187 708 171 704 154 692 142 675 129 663 125 646 125Z\"><\/path><\/svg>\t\t\t\t\t<\/div>\n\t\t\t\t\t<div class=\"elementor-swiper-button elementor-swiper-button-next\" role=\"button\" tabindex=\"0\">\n\t\t\t\t\t\t<svg aria-hidden=\"true\" class=\"e-font-icon-svg e-eicon-chevron-right\" viewbox=\"0 0 1000 1000\" xmlns=\"http:\/\/www.w3.org\/2000\/svg\"><path d=\"M696 533C708 521 713 504 713 487 713 471 708 454 696 446L400 146C388 133 375 125 354 125 338 125 325 129 313 142 300 154 292 171 292 187 292 204 296 221 308 233L563 492 304 771C292 783 288 800 288 817 288 833 296 850 308 863 321 871 338 875 354 875 371 875 388 867 400 854L696 533Z\"><\/path><\/svg>\t\t\t\t\t<\/div>\n\t\t\t\t\n\t\t\t\t\t\t\t\t\t<div class=\"swiper-pagination\"><\/div>\n\t\t\t\t\t\t\t\t\t<\/div>\n\t\t\t\t\t\t<\/div>\n\t\t\t\t<\/div>\n\t\t\t\t\t<\/div>\n\t\t\t\t<\/div>\n\t\t<div class=\"elementor-element elementor-element-79fb441 e-flex e-con-boxed e-con e-parent\" data-id=\"79fb441\" data-element_type=\"container\" data-settings=\"{&quot;background_background&quot;:&quot;classic&quot;}\">\n\t\t\t\t\t<div class=\"e-con-inner\">\n\t\t<div class=\"elementor-element elementor-element-3b5a652 e-con-full e-flex e-con e-child\" data-id=\"3b5a652\" data-element_type=\"container\">\n\t\t\t\t<div class=\"elementor-element elementor-element-9905431 exad-sticky-section-no exad-glass-effect-no elementor-widget elementor-widget-text-editor\" data-id=\"9905431\" data-element_type=\"widget\" data-widget_type=\"text-editor.default\">\n\t\t\t\t<div class=\"elementor-widget-container\">\n\t\t\t\t\t\t\t\t\t<p><strong>Dimensioner :<br \/><\/strong>Udvendige m\u00e5l (L x B x H): <br \/>215 x 95 x 173 cm i s\u00e6nket position<br \/>215 x 95 x 233 cm i h\u00e6vet position<br \/>Indvendig h\u00f8jde: 150 cm<br \/>M\u00e5l p\u00e5 basen: 200 x 90 cm<\/p><p><span style=\"font-weight: 400;\">COCOON erstatter en almindelig seng i et sovev\u00e6relse og passer nemt gennem d\u00f8re i standardst\u00f8rrelse.<\/span><\/p><p><strong>Sengebund :<\/strong><br \/>I Trespa med ventilationshuller<br \/><strong><span style=\"font-weight: 400;\">Trespa er et h\u00f8jteknologisk materiale, der kombinerer tr\u00e6fibre og harpiks, lamineret ved h\u00f8jt tryk. Det \u00f8verste lag er vandt\u00e6t og let at vaske.<\/span><\/strong><\/p><p><strong>Madrasser :<\/strong><br \/>Betr\u00e6k i hospitalskvalitet: meget urinresistent, let at reng\u00f8re i h\u00e5nden eller i maskine<\/p><p><b>\u00c5bning, l\u00e6rred og net :<br \/><\/b><span style=\"font-family: -apple-system, BlinkMacSystemFont, 'Segoe UI', Roboto, 'Helvetica Neue', Arial, 'Noto Sans', sans-serif, 'Apple Color Emoji', 'Segoe UI Emoji', 'Segoe UI Symbol', 'Noto Color Emoji';\">Nem \u00e5bning foran med glidere i industrikvalitet og sp\u00e6ndelukning<br \/><\/span>Bl\u00f8dt, rivefast stof. Let at reng\u00f8re.<br \/>Net for optimal termisk komfort og ventilation. Brandh\u00e6mmende behandling<br \/>(brandbeskyttelse) M2 og B1. Giver dig mulighed for at bevare visuel kontakt med dit barn.<\/p><p><strong>Funktioner:<\/strong><br \/>H\u00f8jdejustering af lamelbunden ved hj\u00e6lp af en l\u00e5sbar elektrisk kontrol, fra 23 cm over gulvet til 83 cm (60 cm r\u00e6kkevidde): <span style=\"font-weight: 400;\">Sengen er s\u00e6nket meget t\u00e6t p\u00e5 gulvet, s\u00e5 barnet selv kan kravle op i den, og den kan h\u00e6ves til den rigtige h\u00f8jde til pleje eller toiletbes\u00f8g.<br \/><\/span><span style=\"font-family: -apple-system, BlinkMacSystemFont, 'Segoe UI', Roboto, 'Helvetica Neue', Arial, 'Noto Sans', sans-serif, 'Apple Color Emoji', 'Segoe UI Emoji', 'Segoe UI Symbol', 'Noto Color Emoji';\">Sengen kan placeres i Trendelenburg- eller Anti-Trendelenburg-position (tilt)<\/span><\/p>\t\t\t\t\t\t\t\t<\/div>\n\t\t\t\t<\/div>\n\t\t\t\t<\/div>\n\t\t\t\t\t<\/div>\n\t\t\t\t<\/div>\n\t\t<div class=\"elementor-element elementor-element-e1ef661 e-flex e-con-boxed e-con e-parent\" data-id=\"e1ef661\" data-element_type=\"container\" data-settings=\"{&quot;background_background&quot;:&quot;classic&quot;}\">\n\t\t\t\t\t<div class=\"e-con-inner\">\n\t\t<div class=\"elementor-element elementor-element-d5fd0da e-con-full e-flex e-con e-child\" data-id=\"d5fd0da\" data-element_type=\"container\">\n\t\t\t\t<div class=\"elementor-element elementor-element-08dab75 exad-sticky-section-no exad-glass-effect-no elementor-widget elementor-widget-text-editor\" data-id=\"08dab75\" data-element_type=\"widget\" data-widget_type=\"text-editor.default\">\n\t\t\t\t<div class=\"elementor-widget-container\">\n\t\t\t\t\t\t\t\t\t<p><strong>Andre s\u00e6rlige funktioner:<br \/><\/strong><span style=\"font-family: -apple-system, BlinkMacSystemFont, 'Segoe UI', Roboto, 'Helvetica Neue', Arial, 'Noto Sans', sans-serif, 'Apple Color Emoji', 'Segoe UI Emoji', 'Segoe UI Symbol', 'Noto Color Emoji';\">\u00c5bning p\u00e5 2 sider<br \/><\/span><span style=\"font-family: -apple-system, BlinkMacSystemFont, 'Segoe UI', Roboto, 'Helvetica Neue', Arial, 'Noto Sans', sans-serif, 'Apple Color Emoji', 'Segoe UI Emoji', 'Segoe UI Symbol', 'Noto Color Emoji';\">Huller til passage af sonde<\/span><span style=\"font-family: -apple-system, BlinkMacSystemFont, 'Segoe UI', Roboto, 'Helvetica Neue', Arial, 'Noto Sans', sans-serif, 'Apple Color Emoji', 'Segoe UI Emoji', 'Segoe UI Symbol', 'Noto Color Emoji';\"><br \/><\/span><span style=\"font-weight: 400;\">Hjul med bremser af hospitalskvalitet - centralbremse som ekstraudstyr. <br \/><\/span><span style=\"font-weight: 400;\">Sengen kan flyttes ubesv\u00e6ret, og n\u00e5r den f\u00f8rst er i den valgte position, forbliver den stabil.<br \/><\/span><span style=\"font-weight: 400;\">Adgang mulig med patientlift<br \/><\/span><span style=\"font-weight: 400;\">Forskellige farver <\/span><span style=\"font-weight: 400;\">for at passe perfekt ind i barnets sovev\u00e6relse og en seng, som de f\u00f8ler sig godt tilpas i<br \/>Der findes et bredt udvalg af farver, som passer perfekt til dit barns sovev\u00e6relse og f\u00e5r det til at f\u00f8le sig hjemme i sengen.<br \/><\/span><\/p><p><strong>Interview:<\/strong><br \/>Fuldt vaskbar, IPX6-vandafvisende seng<\/p><p><strong>Standarder :<\/strong><br \/>Opfylder CE-standarder for brug p\u00e5 hospitaler<br \/>Opfylder MDR-kriterierne (Medical Device Regulation) for medicinske produkter<\/p><p><strong>Sikkerhed<\/strong>\u00a0: <br \/>Stofbetr\u00e6k, forst\u00e6rket net, neth\u00f8jde: 150 cm, baldakin, sikkerhedslynl\u00e5se. Det perfekte alternativ til sikkerhedsplader<\/p><p><b>Maksimal tilladt v\u00e6gt :<br \/><\/b><span style=\"font-weight: 400;\">135 kg<\/span><\/p><p>Fremstillet i Europa<\/p>\t\t\t\t\t\t\t\t<\/div>\n\t\t\t\t<\/div>\n\t\t\t\t<div class=\"elementor-element elementor-element-3d5c63c exad-sticky-section-no exad-glass-effect-no elementor-widget elementor-widget-button\" data-id=\"3d5c63c\" data-element_type=\"widget\" data-widget_type=\"button.default\">\n\t\t\t\t<div class=\"elementor-widget-container\">\n\t\t\t\t\t\t\t\t\t<div class=\"elementor-button-wrapper\">\n\t\t\t\t\t<a class=\"elementor-button elementor-button-link elementor-size-sm\" href=\"https:\/\/www.cocoon-ergosolutions.com\/dk\/contactez-lentreprise-ergosolutions\/\">\n\t\t\t\t\t\t<span class=\"elementor-button-content-wrapper\">\n\t\t\t\t\t\t\t\t\t<span class=\"elementor-button-text\">Anmod om et tilbud<\/span>\n\t\t\t\t\t<\/span>\n\t\t\t\t\t<\/a>\n\t\t\t\t<\/div>\n\t\t\t\t\t\t\t\t<\/div>\n\t\t\t\t<\/div>\n\t\t\t\t<\/div>\n\t\t\t\t\t<\/div>\n\t\t\t\t<\/div>\n\t\t\t\t<\/div>","protected":false},"excerpt":{"rendered":"<p>Le lit COCOON en d\u00e9tail Dimensions :Dimensions ext\u00e9rieures (L x l x h): 215 x 95 x 173 cm en position basse215 x 95 x 233 cm en position hauteHauteur int\u00e9rieure : 150 cmDimensions du sommier : 200 x 90 cm COCOON prend la place d\u2019un lit standard dans une chambre et passe facilement par [&hellip;]<\/p>","protected":false},"author":1,"featured_media":0,"parent":0,"menu_order":0,"comment_status":"closed","ping_status":"closed","template":"elementor_header_footer","meta":{"footnotes":""},"class_list":["post-473","page","type-page","status-publish","hentry"],"_links":{"self":[{"href":"https:\/\/www.cocoon-ergosolutions.com\/dk\/wp-json\/wp\/v2\/pages\/473","targetHints":{"allow":["GET"]}}],"collection":[{"href":"https:\/\/www.cocoon-ergosolutions.com\/dk\/wp-json\/wp\/v2\/pages"}],"about":[{"href":"https:\/\/www.cocoon-ergosolutions.com\/dk\/wp-json\/wp\/v2\/types\/page"}],"author":[{"embeddable":true,"href":"https:\/\/www.cocoon-ergosolutions.com\/dk\/wp-json\/wp\/v2\/users\/1"}],"replies":[{"embeddable":true,"href":"https:\/\/www.cocoon-ergosolutions.com\/dk\/wp-json\/wp\/v2\/comments?post=473"}],"version-history":[{"count":166,"href":"https:\/\/www.cocoon-ergosolutions.com\/dk\/wp-json\/wp\/v2\/pages\/473\/revisions"}],"predecessor-version":[{"id":1551,"href":"https:\/\/www.cocoon-ergosolutions.com\/dk\/wp-json\/wp\/v2\/pages\/473\/revisions\/1551"}],"wp:attachment":[{"href":"https:\/\/www.cocoon-ergosolutions.com\/dk\/wp-json\/wp\/v2\/media?parent=473"}],"curies":[{"name":"wp","href":"https:\/\/api.w.org\/{rel}","templated":true}]}}