{"id":1593,"date":"2025-06-17T11:41:27","date_gmt":"2025-06-17T11:41:27","guid":{"rendered":"https:\/\/www.cocoon-ergosolutions.com\/?page_id=1593"},"modified":"2025-06-17T11:44:11","modified_gmt":"2025-06-17T11:44:11","slug":"politique-de-confidentialite","status":"publish","type":"page","link":"https:\/\/www.cocoon-ergosolutions.com\/de\/politique-de-confidentialite\/","title":{"rendered":"Datenschutzrichtlinie"},"content":{"rendered":"<div data-elementor-type=\"wp-page\" data-elementor-id=\"1593\" class=\"elementor elementor-1593\" data-elementor-post-type=\"page\">\n\t\t\t\t<div class=\"elementor-element elementor-element-47582c9 e-flex e-con-boxed e-con e-parent\" data-id=\"47582c9\" data-element_type=\"container\" data-settings=\"{&quot;background_background&quot;:&quot;classic&quot;}\">\n\t\t\t\t\t<div class=\"e-con-inner\">\n\t\t\t\t<div class=\"elementor-element elementor-element-b3c64c5 exad-sticky-section-no exad-glass-effect-no elementor-widget elementor-widget-text-editor\" data-id=\"b3c64c5\" data-element_type=\"widget\" data-widget_type=\"text-editor.default\">\n\t\t\t\t<div class=\"elementor-widget-container\">\n\t\t\t\t\t\t\t\t\t<p><b>Diese Cookie-Erkl\u00e4rung enth\u00e4lt Informationen \u00fcber unsere Cookie-Richtlinie. Diese Cookie-Erkl\u00e4rung kann sich \u00e4ndern. ergosolutions.de empfiehlt Ihnen daher, diese Erkl\u00e4rung regelm\u00e4\u00dfig zu lesen.<\/b><\/p><p><b>Was ist ein Cookie?<\/b><\/p><p>Ein Cookie ist eine kleine Textdatei, die von einer Website auf Ihrer Hardware (z. B. Ihrem Computer) abgelegt wird. Warum verwendet cocoon-ergosolutions.com Cookies? cocoon-ergosolutions.com ist immer auf der Suche nach neuen Wegen, um seine Website zu verbessern und Ihnen einen besseren Service zu bieten. So kann cocoon-ergosolutions.com mithilfe von Cookies die Inhalte auf seiner Website relevanter machen und sie an Ihren pers\u00f6nlichen Geschmack und Ihre Bed\u00fcrfnisse anpassen. Dar\u00fcber hinaus erleichtern und beschleunigen Cookies die Interaktion zwischen Ihnen und unserer Website und helfen Ihnen, zwischen den verschiedenen Bereichen der Website zu navigieren.<\/p><p>Welche Arten von Cookies werden von cocoon-ergosolutions.de verwendet? ergosolutions.de verwendet Cookies <a href=\"https:\/\/en.wiktionary.org\/wiki\/analytiques\">analytisch<\/a>Diese Cookies, die mit Ihrer Zustimmung verwendet werden, erm\u00f6glichen es uns, die Anzahl der Seitenaufrufe, die Anzahl der Besuche, die Aktivit\u00e4ten der Besucher auf der Website und die H\u00e4ufigkeit ihrer R\u00fcckkehr zu messen (Messung der Besucherzahlen), indem wir Google Analytics verwenden: Sie k\u00f6nnen auf deren Datenschutzseiten nachlesen, wie sie im Detail funktionieren: Link zu Google Analytics: https:\/\/privacy.google.com\/<\/p><p><b>Schutz von personenbezogenen Daten<\/b><\/p><p>Die im Rahmen der Website cocoon-ergosolutions.com durchgef\u00fchrten Verarbeitungen personenbezogener Daten sind in die Liste der Verarbeitungen von Ergosolutions aufgenommen worden. Gem\u00e4\u00df Artikel 32 des Gesetzes Nr. 78-17 \u00fcber Informatik, Dateien und Freiheiten vom 6. Januar 1978 in seiner ge\u00e4nderten Fassung informiert Ergosolutions, der Verantwortliche f\u00fcr die Datenverarbeitung, den Nutzer dar\u00fcber, dass er eine Verarbeitung von ihn betreffenden personenbezogenen Daten durchf\u00fchrt. Die vom Nutzer \u00fcber die auf der Website verf\u00fcgbaren Formulare \u00fcbermittelten Informationen sind f\u00fcr das befugte Personal von Ergosolutions bestimmt und dienen der administrativen und kommerziellen Verwaltung.<\/p><p>Die mit einem Sternchen gekennzeichneten Daten sind obligatorisch. Andernfalls kann Ihre Informationsanfrage nicht bearbeitet werden oder die Bearbeitung verz\u00f6gert sich. Der Nutzer hat das Recht, auf die ihn betreffenden personenbezogenen Daten zuzugreifen, sie zu erfragen, zu \u00e4ndern, zu berichtigen und zu l\u00f6schen. Der Nutzer hat auch ein Recht auf Widerspruch gegen die Verarbeitung seiner personenbezogenen Daten aus legitimen Gr\u00fcnden sowie ein Recht auf Widerspruch gegen die Verwendung dieser Daten f\u00fcr Zwecke der kommerziellen Werbung. Um seine Rechte auszu\u00fcben, muss der Nutzer ein Schreiben an Ergosolutions zusammen mit einer Kopie eines unterschriebenen Personalausweises an die folgende Adresse senden: Ergosolutions - 14 RUE DU VIEUX FAUBOURG - 59800 LILLE, oder per E-Mail an die Adresse: contact@ergosolutions.fr.<\/p><p>Der Nutzer wird dar\u00fcber informiert, dass bei seinen Besuchen auf der Website automatisch ein Cookie auf seiner Navigationssoftware installiert werden kann. Die f\u00fcr Cookies geltenden Regeln sind in der Cookie-Richtlinie zug\u00e4nglich, die auf unserer Website verf\u00fcgbar ist.<\/p><p>Der Nutzer der Website ist verpflichtet, die Bestimmungen des ge\u00e4nderten Gesetzes Nr. 78-17 \u00fcber Informatik, Dateien und Freiheiten vom 6. Januar 1978 einzuhalten, dessen Verletzung strafrechtlich geahndet werden kann. Insbesondere muss er jede Sammlung, jede zweckentfremdete Nutzung und generell jede Handlung unterlassen, die das Privatleben oder den Ruf von Personen beeintr\u00e4chtigen k\u00f6nnte.\"<\/p>\t\t\t\t\t\t\t\t<\/div>\n\t\t\t\t<\/div>\n\t\t\t\t\t<\/div>\n\t\t\t\t<\/div>\n\t\t\t\t<\/div>","protected":false},"excerpt":{"rendered":"<p>La pr\u00e9sente d\u00e9claration relative aux cookies donne des informations sur la politique en mati\u00e8re de cookies. Cette d\u00e9claration relative aux cookies peut \u00eatre modifi\u00e9e. ergosolutions.fr vous conseille d\u00e8s lors de r\u00e9guli\u00e8rement la consulter. Qu\u2019est-ce qu\u2019un cookie ? Un cookie est un petit fichier texte qui est plac\u00e9 sur votre mat\u00e9riel informatique (votre ordinateur par exemple) [&hellip;]<\/p>","protected":false},"author":1,"featured_media":0,"parent":0,"menu_order":0,"comment_status":"closed","ping_status":"closed","template":"elementor_header_footer","meta":{"footnotes":""},"class_list":["post-1593","page","type-page","status-publish","hentry"],"_links":{"self":[{"href":"https:\/\/www.cocoon-ergosolutions.com\/de\/wp-json\/wp\/v2\/pages\/1593","targetHints":{"allow":["GET"]}}],"collection":[{"href":"https:\/\/www.cocoon-ergosolutions.com\/de\/wp-json\/wp\/v2\/pages"}],"about":[{"href":"https:\/\/www.cocoon-ergosolutions.com\/de\/wp-json\/wp\/v2\/types\/page"}],"author":[{"embeddable":true,"href":"https:\/\/www.cocoon-ergosolutions.com\/de\/wp-json\/wp\/v2\/users\/1"}],"replies":[{"embeddable":true,"href":"https:\/\/www.cocoon-ergosolutions.com\/de\/wp-json\/wp\/v2\/comments?post=1593"}],"version-history":[{"count":7,"href":"https:\/\/www.cocoon-ergosolutions.com\/de\/wp-json\/wp\/v2\/pages\/1593\/revisions"}],"predecessor-version":[{"id":1600,"href":"https:\/\/www.cocoon-ergosolutions.com\/de\/wp-json\/wp\/v2\/pages\/1593\/revisions\/1600"}],"wp:attachment":[{"href":"https:\/\/www.cocoon-ergosolutions.com\/de\/wp-json\/wp\/v2\/media?parent=1593"}],"curies":[{"name":"wp","href":"https:\/\/api.w.org\/{rel}","templated":true}]}}